{"id":3679,"date":"2024-09-07T12:05:19","date_gmt":"2024-09-07T17:05:19","guid":{"rendered":"https:\/\/casadeespanadfw.org\/?page_id=3679"},"modified":"2024-09-07T12:48:40","modified_gmt":"2024-09-07T17:48:40","slug":"noticias","status":"publish","type":"page","link":"https:\/\/casadeespanadfw.org\/en\/noticias\/","title":{"rendered":"News"},"content":{"rendered":"<div data-elementor-type=\"wp-page\" data-elementor-id=\"3679\" class=\"elementor elementor-3679\" data-elementor-post-type=\"page\">\n\t\t\t\t<div class=\"elementor-element elementor-element-7d3f2ed e-flex e-con-boxed e-con e-parent\" data-id=\"7d3f2ed\" data-element_type=\"container\" data-e-type=\"container\">\n\t\t\t\t\t<div class=\"e-con-inner\">\n\t\t\t\t<div class=\"elementor-element elementor-element-6b9bf4c elementor-widget elementor-widget-heading\" data-id=\"6b9bf4c\" data-element_type=\"widget\" data-e-type=\"widget\" data-widget_type=\"heading.default\">\n\t\t\t\t<div class=\"elementor-widget-container\">\n\t\t\t\t\t<h2 class=\"elementor-heading-title elementor-size-default\">Get to know all our posts<\/h2>\t\t\t\t<\/div>\n\t\t\t\t<\/div>\n\t\t\t\t\t<\/div>\n\t\t\t\t<\/div>\n\t\t<div class=\"elementor-element elementor-element-41525f4 e-flex e-con-boxed e-con e-parent\" data-id=\"41525f4\" data-element_type=\"container\" data-e-type=\"container\">\n\t\t\t\t\t<div class=\"e-con-inner\">\n\t\t\t\t<div class=\"elementor-element elementor-element-92441c6 elementor-grid-3 elementor-grid-tablet-2 elementor-grid-mobile-1 elementor-posts--thumbnail-top elementor-widget elementor-widget-posts\" data-id=\"92441c6\" data-element_type=\"widget\" data-e-type=\"widget\" data-settings=\"{&quot;pagination_type&quot;:&quot;numbers&quot;,&quot;classic_columns&quot;:&quot;3&quot;,&quot;classic_columns_tablet&quot;:&quot;2&quot;,&quot;classic_columns_mobile&quot;:&quot;1&quot;,&quot;classic_row_gap&quot;:{&quot;unit&quot;:&quot;px&quot;,&quot;size&quot;:35,&quot;sizes&quot;:[]},&quot;classic_row_gap_laptop&quot;:{&quot;unit&quot;:&quot;px&quot;,&quot;size&quot;:&quot;&quot;,&quot;sizes&quot;:[]},&quot;classic_row_gap_tablet_extra&quot;:{&quot;unit&quot;:&quot;px&quot;,&quot;size&quot;:&quot;&quot;,&quot;sizes&quot;:[]},&quot;classic_row_gap_tablet&quot;:{&quot;unit&quot;:&quot;px&quot;,&quot;size&quot;:&quot;&quot;,&quot;sizes&quot;:[]},&quot;classic_row_gap_mobile_extra&quot;:{&quot;unit&quot;:&quot;px&quot;,&quot;size&quot;:&quot;&quot;,&quot;sizes&quot;:[]},&quot;classic_row_gap_mobile&quot;:{&quot;unit&quot;:&quot;px&quot;,&quot;size&quot;:&quot;&quot;,&quot;sizes&quot;:[]}}\" data-widget_type=\"posts.classic\">\n\t\t\t\t<div class=\"elementor-widget-container\">\n\t\t\t\t\t\t\t<div class=\"elementor-posts-container elementor-posts elementor-posts--skin-classic elementor-grid\">\n\t\t\t\t<article class=\"elementor-post elementor-grid-item post-4552 post type-post status-publish format-standard has-post-thumbnail hentry category-blog\">\n\t\t\t\t<a class=\"elementor-post__thumbnail__link\" href=\"https:\/\/casadeespanadfw.org\/en\/loteria-de-navidad-cde-2025\/\" tabindex=\"-1\" >\n\t\t\t<div class=\"elementor-post__thumbnail\"><img fetchpriority=\"high\" decoding=\"async\" width=\"300\" height=\"215\" src=\"https:\/\/casadeespanadfw.org\/wp-content\/uploads\/2025\/11\/LOTERIA-DE-NAVIDAD-1-300x215.jpg\" class=\"attachment-medium size-medium wp-image-4555\" alt=\"\" srcset=\"https:\/\/casadeespanadfw.org\/wp-content\/uploads\/2025\/11\/LOTERIA-DE-NAVIDAD-1-300x215.jpg 300w, https:\/\/casadeespanadfw.org\/wp-content\/uploads\/2025\/11\/LOTERIA-DE-NAVIDAD-1-768x550.jpg 768w, https:\/\/casadeespanadfw.org\/wp-content\/uploads\/2025\/11\/LOTERIA-DE-NAVIDAD-1-18x12.jpg 18w, https:\/\/casadeespanadfw.org\/wp-content\/uploads\/2025\/11\/LOTERIA-DE-NAVIDAD-1-600x430.jpg 600w, https:\/\/casadeespanadfw.org\/wp-content\/uploads\/2025\/11\/LOTERIA-DE-NAVIDAD-1.jpg 792w\" sizes=\"(max-width: 300px) 100vw, 300px\" \/><\/div>\n\t\t<\/a>\n\t\t\t\t<div class=\"elementor-post__text\">\n\t\t\t\t<h3 class=\"elementor-post__title\">\n\t\t\t<a href=\"https:\/\/casadeespanadfw.org\/en\/loteria-de-navidad-cde-2025\/\" >\n\t\t\t\tLoteria de Navidad CDE 2025\t\t\t<\/a>\n\t\t<\/h3>\n\t\t\t\t<div class=\"elementor-post__meta-data\">\n\t\t\t\t\t<span class=\"elementor-post-date\">\n\t\t\tNovember 4, 2025\t\t<\/span>\n\t\t\t\t<\/div>\n\t\t\t\t<div class=\"elementor-post__excerpt\">\n\t\t\t<p>Ya tenemos disponible nuestro tradicional d\u00e9cimo de navidad de la Casa de Espa\u00f1a DFW, en colaboraci\u00f3n con la administraci\u00f3n de loteria &#8220;La Premiosa&#8221; de Madrid. Para adquirirlo deb\u00e9is entrar en<\/p>\n\t\t<\/div>\n\t\t\n\t\t<a class=\"elementor-post__read-more\" href=\"https:\/\/casadeespanadfw.org\/en\/loteria-de-navidad-cde-2025\/\" aria-label=\"Read more about Loteria de Navidad CDE 2025\" tabindex=\"-1\" >\n\t\t\tLeer m\u00e1s \u00bb\t\t<\/a>\n\n\t\t\t\t<\/div>\n\t\t\t\t<\/article>\n\t\t\t\t<article class=\"elementor-post elementor-grid-item post-4549 post type-post status-publish format-standard has-post-thumbnail hentry category-blog\">\n\t\t\t\t<a class=\"elementor-post__thumbnail__link\" href=\"https:\/\/casadeespanadfw.org\/en\/participacion-publica-proyecto-del-estatuto-de-la-ciudadania-espanola-en-el-exterior\/\" tabindex=\"-1\" >\n\t\t\t<div class=\"elementor-post__thumbnail\"><img decoding=\"async\" width=\"300\" height=\"97\" src=\"https:\/\/casadeespanadfw.org\/wp-content\/uploads\/2025\/11\/participacionCiudadana-300x97.jpg\" class=\"attachment-medium size-medium wp-image-4550\" alt=\"\" srcset=\"https:\/\/casadeespanadfw.org\/wp-content\/uploads\/2025\/11\/participacionCiudadana-300x97.jpg 300w, https:\/\/casadeespanadfw.org\/wp-content\/uploads\/2025\/11\/participacionCiudadana-18x6.jpg 18w, https:\/\/casadeespanadfw.org\/wp-content\/uploads\/2025\/11\/participacionCiudadana.jpg 558w\" sizes=\"(max-width: 300px) 100vw, 300px\" \/><\/div>\n\t\t<\/a>\n\t\t\t\t<div class=\"elementor-post__text\">\n\t\t\t\t<h3 class=\"elementor-post__title\">\n\t\t\t<a href=\"https:\/\/casadeespanadfw.org\/en\/participacion-publica-proyecto-del-estatuto-de-la-ciudadania-espanola-en-el-exterior\/\" >\n\t\t\t\tParticipaci\u00f3n p\u00fablica. Proyecto del Estatuto de la ciudadan\u00eda espa\u00f1ola en el exterior.\t\t\t<\/a>\n\t\t<\/h3>\n\t\t\t\t<div class=\"elementor-post__meta-data\">\n\t\t\t\t\t<span class=\"elementor-post-date\">\n\t\t\tNovember 3, 2025\t\t<\/span>\n\t\t\t\t<\/div>\n\t\t\t\t<div class=\"elementor-post__excerpt\">\n\t\t\t<p>\u00bfQuieres participar en la elaboraci\u00f3n del Estatuto de la Ciudadan\u00eda Espa\u00f1ola en el Exterior? (Proyecto de Real Decreto por el que se aprueba el Reglamento de desarrollo de la Ley<\/p>\n\t\t<\/div>\n\t\t\n\t\t<a class=\"elementor-post__read-more\" href=\"https:\/\/casadeespanadfw.org\/en\/participacion-publica-proyecto-del-estatuto-de-la-ciudadania-espanola-en-el-exterior\/\" aria-label=\"Read more about Participaci\u00f3n p\u00fablica. Proyecto del Estatuto de la ciudadan\u00eda espa\u00f1ola en el exterior.\" tabindex=\"-1\" >\n\t\t\tLeer m\u00e1s \u00bb\t\t<\/a>\n\n\t\t\t\t<\/div>\n\t\t\t\t<\/article>\n\t\t\t\t<article class=\"elementor-post elementor-grid-item post-4427 post type-post status-publish format-standard has-post-thumbnail hentry category-blog\">\n\t\t\t\t<a class=\"elementor-post__thumbnail__link\" href=\"https:\/\/casadeespanadfw.org\/en\/seminario-gratuito-como-comprar-o-vender-una-propiedad-avangard-group\/\" tabindex=\"-1\" >\n\t\t\t<div class=\"elementor-post__thumbnail\"><img decoding=\"async\" width=\"232\" height=\"300\" src=\"https:\/\/casadeespanadfw.org\/wp-content\/uploads\/2025\/04\/Folleto-Seminario-Como-Comprar-o-Vender-una-Propiedad-1-1-232x300.jpg\" class=\"attachment-medium size-medium wp-image-4428\" alt=\"\" srcset=\"https:\/\/casadeespanadfw.org\/wp-content\/uploads\/2025\/04\/Folleto-Seminario-Como-Comprar-o-Vender-una-Propiedad-1-1-232x300.jpg 232w, https:\/\/casadeespanadfw.org\/wp-content\/uploads\/2025\/04\/Folleto-Seminario-Como-Comprar-o-Vender-una-Propiedad-1-1-791x1024.jpg 791w, https:\/\/casadeespanadfw.org\/wp-content\/uploads\/2025\/04\/Folleto-Seminario-Como-Comprar-o-Vender-una-Propiedad-1-1-768x994.jpg 768w, https:\/\/casadeespanadfw.org\/wp-content\/uploads\/2025\/04\/Folleto-Seminario-Como-Comprar-o-Vender-una-Propiedad-1-1-1187x1536.jpg 1187w, https:\/\/casadeespanadfw.org\/wp-content\/uploads\/2025\/04\/Folleto-Seminario-Como-Comprar-o-Vender-una-Propiedad-1-1-9x12.jpg 9w, https:\/\/casadeespanadfw.org\/wp-content\/uploads\/2025\/04\/Folleto-Seminario-Como-Comprar-o-Vender-una-Propiedad-1-1-1320x1709.jpg 1320w, https:\/\/casadeespanadfw.org\/wp-content\/uploads\/2025\/04\/Folleto-Seminario-Como-Comprar-o-Vender-una-Propiedad-1-1-600x777.jpg 600w, https:\/\/casadeespanadfw.org\/wp-content\/uploads\/2025\/04\/Folleto-Seminario-Como-Comprar-o-Vender-una-Propiedad-1-1-348x450.jpg 348w, https:\/\/casadeespanadfw.org\/wp-content\/uploads\/2025\/04\/Folleto-Seminario-Como-Comprar-o-Vender-una-Propiedad-1-1.jpg 1545w\" sizes=\"(max-width: 232px) 100vw, 232px\" \/><\/div>\n\t\t<\/a>\n\t\t\t\t<div class=\"elementor-post__text\">\n\t\t\t\t<h3 class=\"elementor-post__title\">\n\t\t\t<a href=\"https:\/\/casadeespanadfw.org\/en\/seminario-gratuito-como-comprar-o-vender-una-propiedad-avangard-group\/\" >\n\t\t\t\tSeminario gratuito: Como comprar o vender una propiedad. AVANGARD GROUP.\t\t\t<\/a>\n\t\t<\/h3>\n\t\t\t\t<div class=\"elementor-post__meta-data\">\n\t\t\t\t\t<span class=\"elementor-post-date\">\n\t\t\tApril 4, 2025\t\t<\/span>\n\t\t\t\t<\/div>\n\t\t\t\t<div class=\"elementor-post__excerpt\">\n\t\t\t<p>Os adjuntamos la informaci\u00f3n del seminario que va a impartir nuestro patrocinador AVANGARD GROUP el 12 de abril, a las 10:30 h, por si puede ser de vuestro inter\u00e9s. Es&nbsp;gratuito&nbsp;y<\/p>\n\t\t<\/div>\n\t\t\n\t\t<a class=\"elementor-post__read-more\" href=\"https:\/\/casadeespanadfw.org\/en\/seminario-gratuito-como-comprar-o-vender-una-propiedad-avangard-group\/\" aria-label=\"Read more about Seminario gratuito: Como comprar o vender una propiedad. AVANGARD GROUP.\" tabindex=\"-1\" >\n\t\t\tLeer m\u00e1s \u00bb\t\t<\/a>\n\n\t\t\t\t<\/div>\n\t\t\t\t<\/article>\n\t\t\t\t<article class=\"elementor-post elementor-grid-item post-4355 post type-post status-publish format-standard has-post-thumbnail hentry category-blog\">\n\t\t\t\t<a class=\"elementor-post__thumbnail__link\" href=\"https:\/\/casadeespanadfw.org\/en\/nueva-guia-para-la-ciudadania-espanola-en-el-extranjero-del-ministerio-de-inclusion\/\" tabindex=\"-1\" >\n\t\t\t<div class=\"elementor-post__thumbnail\"><img loading=\"lazy\" decoding=\"async\" width=\"257\" height=\"300\" src=\"https:\/\/casadeespanadfw.org\/wp-content\/uploads\/2025\/02\/Sin-titulo-257x300.jpg\" class=\"attachment-medium size-medium wp-image-4356\" alt=\"\" srcset=\"https:\/\/casadeespanadfw.org\/wp-content\/uploads\/2025\/02\/Sin-titulo-257x300.jpg 257w, https:\/\/casadeespanadfw.org\/wp-content\/uploads\/2025\/02\/Sin-titulo-878x1024.jpg 878w, https:\/\/casadeespanadfw.org\/wp-content\/uploads\/2025\/02\/Sin-titulo-768x896.jpg 768w, https:\/\/casadeespanadfw.org\/wp-content\/uploads\/2025\/02\/Sin-titulo-10x12.jpg 10w, https:\/\/casadeespanadfw.org\/wp-content\/uploads\/2025\/02\/Sin-titulo-600x700.jpg 600w, https:\/\/casadeespanadfw.org\/wp-content\/uploads\/2025\/02\/Sin-titulo-386x450.jpg 386w, https:\/\/casadeespanadfw.org\/wp-content\/uploads\/2025\/02\/Sin-titulo.jpg 968w\" sizes=\"(max-width: 257px) 100vw, 257px\" \/><\/div>\n\t\t<\/a>\n\t\t\t\t<div class=\"elementor-post__text\">\n\t\t\t\t<h3 class=\"elementor-post__title\">\n\t\t\t<a href=\"https:\/\/casadeespanadfw.org\/en\/nueva-guia-para-la-ciudadania-espanola-en-el-extranjero-del-ministerio-de-inclusion\/\" >\n\t\t\t\tNueva gu\u00eda para la ciudadan\u00eda espa\u00f1ola en el extranjero del ministerio de Inclusi\u00f3n.\t\t\t<\/a>\n\t\t<\/h3>\n\t\t\t\t<div class=\"elementor-post__meta-data\">\n\t\t\t\t\t<span class=\"elementor-post-date\">\n\t\t\tFebruary 21, 2025\t\t<\/span>\n\t\t\t\t<\/div>\n\t\t\t\t<div class=\"elementor-post__excerpt\">\n\t\t\t<p>Publicada la nueva Gu\u00eda de la Ciudadan\u00eda Espa\u00f1ola en el Exterior por @inclusiongob . El objetivo es el de ofrecer una orientaci\u00f3n integral de cada etapa de la vida en<\/p>\n\t\t<\/div>\n\t\t\n\t\t<a class=\"elementor-post__read-more\" href=\"https:\/\/casadeespanadfw.org\/en\/nueva-guia-para-la-ciudadania-espanola-en-el-extranjero-del-ministerio-de-inclusion\/\" aria-label=\"Read more about Nueva gu\u00eda para la ciudadan\u00eda espa\u00f1ola en el extranjero del ministerio de Inclusi\u00f3n.\" tabindex=\"-1\" >\n\t\t\tLeer m\u00e1s \u00bb\t\t<\/a>\n\n\t\t\t\t<\/div>\n\t\t\t\t<\/article>\n\t\t\t\t<article class=\"elementor-post elementor-grid-item post-4330 post type-post status-publish format-standard has-post-thumbnail hentry category-blog\">\n\t\t\t\t<a class=\"elementor-post__thumbnail__link\" href=\"https:\/\/casadeespanadfw.org\/en\/celebrate-spain-2025-by-meadows-museum\/\" tabindex=\"-1\" >\n\t\t\t<div class=\"elementor-post__thumbnail\"><img loading=\"lazy\" decoding=\"async\" width=\"300\" height=\"168\" src=\"https:\/\/casadeespanadfw.org\/wp-content\/uploads\/2025\/01\/MEADOWS-CELEBRATE-SPAIN-2025-300x168.jpg\" class=\"attachment-medium size-medium wp-image-4331\" alt=\"\" srcset=\"https:\/\/casadeespanadfw.org\/wp-content\/uploads\/2025\/01\/MEADOWS-CELEBRATE-SPAIN-2025-300x168.jpg 300w, https:\/\/casadeespanadfw.org\/wp-content\/uploads\/2025\/01\/MEADOWS-CELEBRATE-SPAIN-2025-1024x572.jpg 1024w, https:\/\/casadeespanadfw.org\/wp-content\/uploads\/2025\/01\/MEADOWS-CELEBRATE-SPAIN-2025-768x429.jpg 768w, https:\/\/casadeespanadfw.org\/wp-content\/uploads\/2025\/01\/MEADOWS-CELEBRATE-SPAIN-2025-1536x858.jpg 1536w, https:\/\/casadeespanadfw.org\/wp-content\/uploads\/2025\/01\/MEADOWS-CELEBRATE-SPAIN-2025-2048x1144.jpg 2048w, https:\/\/casadeespanadfw.org\/wp-content\/uploads\/2025\/01\/MEADOWS-CELEBRATE-SPAIN-2025-18x10.jpg 18w, https:\/\/casadeespanadfw.org\/wp-content\/uploads\/2025\/01\/MEADOWS-CELEBRATE-SPAIN-2025-1320x737.jpg 1320w, https:\/\/casadeespanadfw.org\/wp-content\/uploads\/2025\/01\/MEADOWS-CELEBRATE-SPAIN-2025-600x335.jpg 600w\" sizes=\"(max-width: 300px) 100vw, 300px\" \/><\/div>\n\t\t<\/a>\n\t\t\t\t<div class=\"elementor-post__text\">\n\t\t\t\t<h3 class=\"elementor-post__title\">\n\t\t\t<a href=\"https:\/\/casadeespanadfw.org\/en\/celebrate-spain-2025-by-meadows-museum\/\" >\n\t\t\t\tCelebrate Spain 2025 by Meadows Museum\t\t\t<\/a>\n\t\t<\/h3>\n\t\t\t\t<div class=\"elementor-post__meta-data\">\n\t\t\t\t\t<span class=\"elementor-post-date\">\n\t\t\tJanuary 28, 2025\t\t<\/span>\n\t\t\t\t<\/div>\n\t\t\t\t<div class=\"elementor-post__excerpt\">\n\t\t\t<p>\u00a1Celebrate Spain 2025 est\u00e1 a la vuelta de la esquina!&nbsp; Aqu\u00ed tienes los detalles del evento en s\u00ed . Compartiremos un c\u00f3digo de descuento del 50 % para los miembros<\/p>\n\t\t<\/div>\n\t\t\n\t\t<a class=\"elementor-post__read-more\" href=\"https:\/\/casadeespanadfw.org\/en\/celebrate-spain-2025-by-meadows-museum\/\" aria-label=\"Read more about Celebrate Spain 2025 by Meadows Museum\" tabindex=\"-1\" >\n\t\t\tLeer m\u00e1s \u00bb\t\t<\/a>\n\n\t\t\t\t<\/div>\n\t\t\t\t<\/article>\n\t\t\t\t<article class=\"elementor-post elementor-grid-item post-4275 post type-post status-publish format-standard has-post-thumbnail hentry category-blog\">\n\t\t\t\t<a class=\"elementor-post__thumbnail__link\" href=\"https:\/\/casadeespanadfw.org\/en\/pastorela-en-la-catedral-de-guadalupe\/\" tabindex=\"-1\" >\n\t\t\t<div class=\"elementor-post__thumbnail\"><img loading=\"lazy\" decoding=\"async\" width=\"300\" height=\"288\" src=\"https:\/\/casadeespanadfw.org\/wp-content\/uploads\/2024\/12\/IMG_7714-300x288.jpg\" class=\"attachment-medium size-medium wp-image-4276\" alt=\"\" srcset=\"https:\/\/casadeespanadfw.org\/wp-content\/uploads\/2024\/12\/IMG_7714-300x288.jpg 300w, https:\/\/casadeespanadfw.org\/wp-content\/uploads\/2024\/12\/IMG_7714-1024x983.jpg 1024w, https:\/\/casadeespanadfw.org\/wp-content\/uploads\/2024\/12\/IMG_7714-768x738.jpg 768w, https:\/\/casadeespanadfw.org\/wp-content\/uploads\/2024\/12\/IMG_7714-12x12.jpg 12w, https:\/\/casadeespanadfw.org\/wp-content\/uploads\/2024\/12\/IMG_7714-1320x1268.jpg 1320w, https:\/\/casadeespanadfw.org\/wp-content\/uploads\/2024\/12\/IMG_7714-600x576.jpg 600w, https:\/\/casadeespanadfw.org\/wp-content\/uploads\/2024\/12\/IMG_7714-469x450.jpg 469w, https:\/\/casadeespanadfw.org\/wp-content\/uploads\/2024\/12\/IMG_7714.jpg 1365w\" sizes=\"(max-width: 300px) 100vw, 300px\" \/><\/div>\n\t\t<\/a>\n\t\t\t\t<div class=\"elementor-post__text\">\n\t\t\t\t<h3 class=\"elementor-post__title\">\n\t\t\t<a href=\"https:\/\/casadeespanadfw.org\/en\/pastorela-en-la-catedral-de-guadalupe\/\" >\n\t\t\t\tPASTORELA EN LA CATEDRAL DE GUADALUPE\t\t\t<\/a>\n\t\t<\/h3>\n\t\t\t\t<div class=\"elementor-post__meta-data\">\n\t\t\t\t\t<span class=\"elementor-post-date\">\n\t\t\tDecember 4, 2024\t\t<\/span>\n\t\t\t\t<\/div>\n\t\t\t\t<div class=\"elementor-post__excerpt\">\n\t\t\t<p>Organiza Orchestra of New Spain. S\u00e1bado 14 de diciembre 7:30 PM Quiz\u00e1s lo hayas visto antes, pero los cuentos de Natividad y los villancicos siempre se pueden volver a escuchar,<\/p>\n\t\t<\/div>\n\t\t\n\t\t<a class=\"elementor-post__read-more\" href=\"https:\/\/casadeespanadfw.org\/en\/pastorela-en-la-catedral-de-guadalupe\/\" aria-label=\"Read more about PASTORELA EN LA CATEDRAL DE GUADALUPE\" tabindex=\"-1\" >\n\t\t\tLeer m\u00e1s \u00bb\t\t<\/a>\n\n\t\t\t\t<\/div>\n\t\t\t\t<\/article>\n\t\t\t\t<article class=\"elementor-post elementor-grid-item post-4256 post type-post status-publish format-standard has-post-thumbnail hentry category-blog\">\n\t\t\t\t<a class=\"elementor-post__thumbnail__link\" href=\"https:\/\/casadeespanadfw.org\/en\/loteria-de-navidad-cde-dfw\/\" tabindex=\"-1\" >\n\t\t\t<div class=\"elementor-post__thumbnail\"><img loading=\"lazy\" decoding=\"async\" width=\"300\" height=\"210\" src=\"https:\/\/casadeespanadfw.org\/wp-content\/uploads\/2024\/11\/IMG_7710-300x210.jpg\" class=\"attachment-medium size-medium wp-image-4257\" alt=\"\" srcset=\"https:\/\/casadeespanadfw.org\/wp-content\/uploads\/2024\/11\/IMG_7710-300x210.jpg 300w, https:\/\/casadeespanadfw.org\/wp-content\/uploads\/2024\/11\/IMG_7710-1024x717.jpg 1024w, https:\/\/casadeespanadfw.org\/wp-content\/uploads\/2024\/11\/IMG_7710-768x538.jpg 768w, https:\/\/casadeespanadfw.org\/wp-content\/uploads\/2024\/11\/IMG_7710-18x12.jpg 18w, https:\/\/casadeespanadfw.org\/wp-content\/uploads\/2024\/11\/IMG_7710-600x420.jpg 600w, https:\/\/casadeespanadfw.org\/wp-content\/uploads\/2024\/11\/IMG_7710.jpg 1170w\" sizes=\"(max-width: 300px) 100vw, 300px\" \/><\/div>\n\t\t<\/a>\n\t\t\t\t<div class=\"elementor-post__text\">\n\t\t\t\t<h3 class=\"elementor-post__title\">\n\t\t\t<a href=\"https:\/\/casadeespanadfw.org\/en\/loteria-de-navidad-cde-dfw\/\" >\n\t\t\t\tLoter\u00eda de Navidad CDE DFW\t\t\t<\/a>\n\t\t<\/h3>\n\t\t\t\t<div class=\"elementor-post__meta-data\">\n\t\t\t\t\t<span class=\"elementor-post-date\">\n\t\t\tNovember 21, 2024\t\t<\/span>\n\t\t\t\t<\/div>\n\t\t\t\t<div class=\"elementor-post__excerpt\">\n\t\t\t<p>Estimados socios, este a\u00f1o los socios de Casa de Espa\u00f1a jugamos a la tradicional loter\u00eda de navidad de Espa\u00f1a. Hemos acordado con una administraci\u00f3n de loter\u00eda el jugar un n\u00famero<\/p>\n\t\t<\/div>\n\t\t\n\t\t<a class=\"elementor-post__read-more\" href=\"https:\/\/casadeespanadfw.org\/en\/loteria-de-navidad-cde-dfw\/\" aria-label=\"Read more about Loter\u00eda de Navidad CDE DFW\" tabindex=\"-1\" >\n\t\t\tLeer m\u00e1s \u00bb\t\t<\/a>\n\n\t\t\t\t<\/div>\n\t\t\t\t<\/article>\n\t\t\t\t<article class=\"elementor-post elementor-grid-item post-4229 post type-post status-publish format-standard has-post-thumbnail hentry category-blog\">\n\t\t\t\t<a class=\"elementor-post__thumbnail__link\" href=\"https:\/\/casadeespanadfw.org\/en\/gala-anual-casa-de-espana-dfw\/\" tabindex=\"-1\" >\n\t\t\t<div class=\"elementor-post__thumbnail\"><img loading=\"lazy\" decoding=\"async\" width=\"300\" height=\"251\" src=\"https:\/\/casadeespanadfw.org\/wp-content\/uploads\/2024\/09\/Gala-Casa-de-Espana-2024-1-300x251.jpg\" class=\"attachment-medium size-medium wp-image-4124\" alt=\"\" srcset=\"https:\/\/casadeespanadfw.org\/wp-content\/uploads\/2024\/09\/Gala-Casa-de-Espana-2024-1-300x251.jpg 300w, https:\/\/casadeespanadfw.org\/wp-content\/uploads\/2024\/09\/Gala-Casa-de-Espana-2024-1-1024x858.jpg 1024w, https:\/\/casadeespanadfw.org\/wp-content\/uploads\/2024\/09\/Gala-Casa-de-Espana-2024-1-768x644.jpg 768w, https:\/\/casadeespanadfw.org\/wp-content\/uploads\/2024\/09\/Gala-Casa-de-Espana-2024-1-1536x1288.jpg 1536w, https:\/\/casadeespanadfw.org\/wp-content\/uploads\/2024\/09\/Gala-Casa-de-Espana-2024-1-2048x1717.jpg 2048w, https:\/\/casadeespanadfw.org\/wp-content\/uploads\/2024\/09\/Gala-Casa-de-Espana-2024-1-14x12.jpg 14w, https:\/\/casadeespanadfw.org\/wp-content\/uploads\/2024\/09\/Gala-Casa-de-Espana-2024-1-1320x1107.jpg 1320w, https:\/\/casadeespanadfw.org\/wp-content\/uploads\/2024\/09\/Gala-Casa-de-Espana-2024-1-600x503.jpg 600w, https:\/\/casadeespanadfw.org\/wp-content\/uploads\/2024\/09\/Gala-Casa-de-Espana-2024-1-537x450.jpg 537w\" sizes=\"(max-width: 300px) 100vw, 300px\" \/><\/div>\n\t\t<\/a>\n\t\t\t\t<div class=\"elementor-post__text\">\n\t\t\t\t<h3 class=\"elementor-post__title\">\n\t\t\t<a href=\"https:\/\/casadeespanadfw.org\/en\/gala-anual-casa-de-espana-dfw\/\" >\n\t\t\t\tGala Anual Casa de Espa\u00f1a DFW\t\t\t<\/a>\n\t\t<\/h3>\n\t\t\t\t<div class=\"elementor-post__meta-data\">\n\t\t\t\t\t<span class=\"elementor-post-date\">\n\t\t\tOctober 31, 2024\t\t<\/span>\n\t\t\t\t<\/div>\n\t\t\t\t<div class=\"elementor-post__excerpt\">\n\t\t\t<p>Ya tenemos preparada la gran Gala anual de la Casa de Espa\u00f1a DFW. Un momento de compartir, de disfrutar y de celebrar el a\u00f1o 2024. Con sorpresas y regalos para<\/p>\n\t\t<\/div>\n\t\t\n\t\t<a class=\"elementor-post__read-more\" href=\"https:\/\/casadeespanadfw.org\/en\/gala-anual-casa-de-espana-dfw\/\" aria-label=\"Read more about Gala Anual Casa de Espa\u00f1a DFW\" tabindex=\"-1\" >\n\t\t\tLeer m\u00e1s \u00bb\t\t<\/a>\n\n\t\t\t\t<\/div>\n\t\t\t\t<\/article>\n\t\t\t\t<article class=\"elementor-post elementor-grid-item post-4018 post type-post status-publish format-standard has-post-thumbnail hentry category-blog\">\n\t\t\t\t<a class=\"elementor-post__thumbnail__link\" href=\"https:\/\/casadeespanadfw.org\/en\/hispanoamerica-canto-de-vida-y-esperanza\/\" tabindex=\"-1\" >\n\t\t\t<div class=\"elementor-post__thumbnail\"><img loading=\"lazy\" decoding=\"async\" width=\"300\" height=\"300\" src=\"https:\/\/casadeespanadfw.org\/wp-content\/uploads\/2024\/09\/90fdb3a6-647f-4927-9ecc-3a09d0cdeb6e-300x300.jpg\" class=\"attachment-medium size-medium wp-image-4019\" alt=\"\" srcset=\"https:\/\/casadeespanadfw.org\/wp-content\/uploads\/2024\/09\/90fdb3a6-647f-4927-9ecc-3a09d0cdeb6e-300x300.jpg 300w, https:\/\/casadeespanadfw.org\/wp-content\/uploads\/2024\/09\/90fdb3a6-647f-4927-9ecc-3a09d0cdeb6e-1024x1024.jpg 1024w, https:\/\/casadeespanadfw.org\/wp-content\/uploads\/2024\/09\/90fdb3a6-647f-4927-9ecc-3a09d0cdeb6e-150x150.jpg 150w, https:\/\/casadeespanadfw.org\/wp-content\/uploads\/2024\/09\/90fdb3a6-647f-4927-9ecc-3a09d0cdeb6e-768x768.jpg 768w, https:\/\/casadeespanadfw.org\/wp-content\/uploads\/2024\/09\/90fdb3a6-647f-4927-9ecc-3a09d0cdeb6e-12x12.jpg 12w, https:\/\/casadeespanadfw.org\/wp-content\/uploads\/2024\/09\/90fdb3a6-647f-4927-9ecc-3a09d0cdeb6e-450x450.jpg 450w, https:\/\/casadeespanadfw.org\/wp-content\/uploads\/2024\/09\/90fdb3a6-647f-4927-9ecc-3a09d0cdeb6e-100x100.jpg 100w, https:\/\/casadeespanadfw.org\/wp-content\/uploads\/2024\/09\/90fdb3a6-647f-4927-9ecc-3a09d0cdeb6e.jpg 1080w\" sizes=\"(max-width: 300px) 100vw, 300px\" \/><\/div>\n\t\t<\/a>\n\t\t\t\t<div class=\"elementor-post__text\">\n\t\t\t\t<h3 class=\"elementor-post__title\">\n\t\t\t<a href=\"https:\/\/casadeespanadfw.org\/en\/hispanoamerica-canto-de-vida-y-esperanza\/\" >\n\t\t\t\tHispanoam\u00e9rica, canto de vida y esperanza.\t\t\t<\/a>\n\t\t<\/h3>\n\t\t\t\t<div class=\"elementor-post__meta-data\">\n\t\t\t\t\t<span class=\"elementor-post-date\">\n\t\t\tSeptember 27, 2024\t\t<\/span>\n\t\t\t\t<\/div>\n\t\t\t\t<div class=\"elementor-post__excerpt\">\n\t\t\t<p>Estreno 4 de octubre. Os comunicaremos el lugar con la suficiente antelaci\u00f3n. Sinopsis: Hispanoam\u00e9rica ofrece una visi\u00f3n renovada, veraz y visualmente poderosa de c\u00f3mo naci\u00f3 y se desarroll\u00f3 realmente la<\/p>\n\t\t<\/div>\n\t\t\n\t\t<a class=\"elementor-post__read-more\" href=\"https:\/\/casadeespanadfw.org\/en\/hispanoamerica-canto-de-vida-y-esperanza\/\" aria-label=\"Read more about Hispanoam\u00e9rica, canto de vida y esperanza.\" tabindex=\"-1\" >\n\t\t\tLeer m\u00e1s \u00bb\t\t<\/a>\n\n\t\t\t\t<\/div>\n\t\t\t\t<\/article>\n\t\t\t\t<\/div>\n\t\t\n\t\t\t\t<div class=\"e-load-more-anchor\" data-page=\"1\" data-max-page=\"3\" data-next-page=\"https:\/\/casadeespanadfw.org\/en\/wp-json\/wp\/v2\/pages\/3679\/page\/2\/\"><\/div>\n\t\t\t\t<nav class=\"elementor-pagination\" aria-label=\"Pagination\">\n\t\t\t<span aria-current=\"page\" class=\"page-numbers current\"><span class=\"elementor-screen-only\">Page<\/span>1<\/span>\n<a class=\"page-numbers\" href=\"https:\/\/casadeespanadfw.org\/en\/wp-json\/wp\/v2\/pages\/3679\/page\/2\/\"><span class=\"elementor-screen-only\">Page<\/span>2<\/a>\n<a class=\"page-numbers\" href=\"https:\/\/casadeespanadfw.org\/en\/wp-json\/wp\/v2\/pages\/3679\/page\/3\/\"><span class=\"elementor-screen-only\">Page<\/span>3<\/a>\t\t<\/nav>\n\t\t\t\t\t\t<\/div>\n\t\t\t\t<\/div>\n\t\t\t\t\t<\/div>\n\t\t\t\t<\/div>\n\t\t\t\t<\/div>","protected":false},"excerpt":{"rendered":"<p>Get to know all our posts<\/p>","protected":false},"author":1,"featured_media":0,"parent":0,"menu_order":0,"comment_status":"closed","ping_status":"closed","template":"","meta":{"_price":"","_stock":"","_tribe_ticket_header":"","_tribe_default_ticket_provider":"","_tribe_ticket_capacity":"0","_ticket_start_date":"","_ticket_end_date":"","_tribe_ticket_show_description":"","_tribe_ticket_show_not_going":false,"_tribe_ticket_use_global_stock":"","_tribe_ticket_global_stock_level":"","_global_stock_mode":"","_global_stock_cap":"","_tribe_rsvp_for_event":"","_tribe_ticket_going_count":"","_tribe_ticket_not_going_count":"","_tribe_tickets_list":"[]","_tribe_ticket_has_attendee_info_fields":false,"footnotes":""},"class_list":["post-3679","page","type-page","status-publish","hentry"],"jetpack_sharing_enabled":true,"_links":{"self":[{"href":"https:\/\/casadeespanadfw.org\/en\/wp-json\/wp\/v2\/pages\/3679","targetHints":{"allow":["GET"]}}],"collection":[{"href":"https:\/\/casadeespanadfw.org\/en\/wp-json\/wp\/v2\/pages"}],"about":[{"href":"https:\/\/casadeespanadfw.org\/en\/wp-json\/wp\/v2\/types\/page"}],"author":[{"embeddable":true,"href":"https:\/\/casadeespanadfw.org\/en\/wp-json\/wp\/v2\/users\/1"}],"replies":[{"embeddable":true,"href":"https:\/\/casadeespanadfw.org\/en\/wp-json\/wp\/v2\/comments?post=3679"}],"version-history":[{"count":21,"href":"https:\/\/casadeespanadfw.org\/en\/wp-json\/wp\/v2\/pages\/3679\/revisions"}],"predecessor-version":[{"id":3758,"href":"https:\/\/casadeespanadfw.org\/en\/wp-json\/wp\/v2\/pages\/3679\/revisions\/3758"}],"wp:attachment":[{"href":"https:\/\/casadeespanadfw.org\/en\/wp-json\/wp\/v2\/media?parent=3679"}],"curies":[{"name":"wp","href":"https:\/\/api.w.org\/{rel}","templated":true}]}}