{"id":3015,"date":"2024-05-26T17:58:21","date_gmt":"2024-05-26T17:58:21","guid":{"rendered":"https:\/\/casadeespanadfw.org\/?page_id=3015"},"modified":"2025-10-20T10:14:03","modified_gmt":"2025-10-20T15:14:03","slug":"socio-familiar","status":"publish","type":"page","link":"https:\/\/casadeespanadfw.org\/en\/socio-familiar\/","title":{"rendered":"Registr socio familiar"},"content":{"rendered":"<div data-elementor-type=\"wp-page\" data-elementor-id=\"3015\" class=\"elementor elementor-3015\" data-elementor-post-type=\"page\">\n\t\t\t\t<div class=\"elementor-element elementor-element-a954c10 e-flex e-con-boxed e-con e-parent\" data-id=\"a954c10\" data-element_type=\"container\" data-e-type=\"container\">\n\t\t\t\t\t<div class=\"e-con-inner\">\n\t\t\t\t\t<\/div>\n\t\t\t\t<\/div>\n\t\t<div class=\"elementor-element elementor-element-651b9d3 e-flex e-con-boxed e-con e-parent\" data-id=\"651b9d3\" data-element_type=\"container\" data-e-type=\"container\">\n\t\t\t\t\t<div class=\"e-con-inner\">\n\t\t<div class=\"elementor-element elementor-element-807790a e-con-full e-flex e-con e-child\" data-id=\"807790a\" data-element_type=\"container\" data-e-type=\"container\">\n\t\t\t\t<div class=\"elementor-element elementor-element-682ccb0 elementor-tabs-view-horizontal elementor-widget elementor-widget-tabs\" data-id=\"682ccb0\" data-element_type=\"widget\" data-e-type=\"widget\" data-widget_type=\"tabs.default\">\n\t\t\t\t<div class=\"elementor-widget-container\">\n\t\t\t\t\t\t\t<div class=\"elementor-tabs\">\n\t\t\t<div class=\"elementor-tabs-wrapper\" role=\"tablist\" >\n\t\t\t\t\t\t\t\t\t<div id=\"elementor-tab-title-1091\" class=\"elementor-tab-title elementor-tab-desktop-title\" aria-selected=\"true\" data-tab=\"1\" role=\"tab\" tabindex=\"0\" aria-controls=\"elementor-tab-content-1091\" aria-expanded=\"false\">Stripe<\/div>\n\t\t\t\t\t\t\t<\/div>\n\t\t\t<div class=\"elementor-tabs-content-wrapper\" role=\"tablist\" aria-orientation=\"vertical\">\n\t\t\t\t\t\t\t\t\t<div class=\"elementor-tab-title elementor-tab-mobile-title\" aria-selected=\"true\" data-tab=\"1\" role=\"tab\" tabindex=\"0\" aria-controls=\"elementor-tab-content-1091\" aria-expanded=\"false\">Stripe<\/div>\n\t\t\t\t\t<div id=\"elementor-tab-content-1091\" class=\"elementor-tab-content elementor-clearfix\" data-tab=\"1\" role=\"tabpanel\" aria-labelledby=\"elementor-tab-title-1091\" tabindex=\"0\" hidden=\"false\"><p><div id=\"simpay-embedded-form-wrap-3396\" data-id=\"simpay-form-3396-wrap\" class=\"simpay-form-wrap simpay-embedded-form-wrap\"><div class=\"simpay-embedded-heading simpay-styled\"><h3 class=\"simpay-form-title\">Registro socio familiar<\/h3><\/div><form action=\"\" method=\"post\" class=\"simpay-checkout-form simpay-form-3396 simpay-styled simpay-checkout-form--embedded\" id=\"simpay-form-3396\" data-simpay-form-id=\"3396\" data-trp-original-action=\"\" >\n\t\t<div class=\"simpay-form-control simpay-name-container simpay-customer-name-container\">\n\t\t\t\n\t\t<div class=\"simpay-customer_name-label simpay-label-wrap\">\n\t\t\t<label for=\"simpay-form-3396-field-6\" class=\"\">\n\t\t\t\tName and last name\t\t\t\t\t\t\t<\/label>\n\t\t<\/div>\n\n\t\t\t\t\t<div class=\"simpay-customer-name-wrap simpay-field-wrap\">\n\t\t\t\t<input\n\t\t\t\t\ttype=\"text\"\n\t\t\t\t\tname=\"simpay_customer_name\"\n\t\t\t\t\tid=\"simpay-form-3396-field-6\"\n\t\t\t\t\tclass=\"simpay-customer-name\"\n\t\t\t\t\tvalue=\"\"\n\t\t\t\t\tplaceholder=\"\"\n\t\t\t\t\t\t\t\t\t\t\trequired\n\t\t\t\t\t\t\t\t\t\t\t\/>\n\t\t\t<\/div>\n\t\t<\/div>\n\n\t\t\n\t\t<div class=\"simpay-form-control simpay-telephone-container\">\n\t\t\t\n\t\t<div class=\"simpay-telephone-label simpay-label-wrap\">\n\t\t\t<label for=\"simpay-form-3396-field-7\" class=\"\">\n\t\t\t\tPhone:\t\t\t\t\t\t\t<\/label>\n\t\t<\/div>\n\n\t\t\t\t\t<div class=\"simpay-telephone-wrap simpay-telephone-field simpay-field-wrap\">\n\t\t\t\t<input\n\t\t\t\t\ttype=\"tel\"\n\t\t\t\t\t\t\t\t\t\t\tname=\"simpay_telephone_intl\"\n\t\t\t\t\t\t\t\t\t\tid=\"simpay-form-3396-field-7\"\n\t\t\t\t\tclass=\"simpay-telephone\"\n\t\t\t\t\tvalue=\"\"\n\t\t\t\t\tplaceholder=\"\"\n\t\t\t\t\t\t\t\t\t\t\trequired\n\t\t\t\t\t\t\t\t\t\t\t\/>\n\t\t\t<\/div>\n\t\t<\/div>\n\n\t\t\t\t\t<div class=\"simpay-phone-error simpay-errors\" aria-live=\"assertive\" aria-relevant=\"additions text\" aria-atomic=\"true\"><\/div>\n\t\t\t\n\t\t\t\t\t<div\n\t\t\t\tclass=\"simpay-form-control simpay-email-container simpay-link-authentication-container\"\n\t\t\t\tdata-default=\"\"\n\t\t\t><\/div>\n\t\t\t<div class=\"simpay-email-error simpay-errors\" aria-live=\"assertive\" aria-relevant=\"additions text\" aria-atomic=\"true\"><\/div>\n\t\t\t<input\n\t\t\t\ttype=\"hidden\"\n\t\t\t\tname=\"simpay_email\"\n\t\t\t\tid=\"simpay-form-3396-field-3\"\n\t\t\t\tclass=\"simpay-email\"\n\t\t\t\tvalue=\"\"\n\t\t\t\tplaceholder=\"\"\n\t\t\t\trequired\n\t\t\t\t\t\/>\n\t\t\n\t\t\n\t\t\n\t\t<fieldset class=\"simpay-form-control simpay-address-container simpay-address-container-upe simpay-billing-address-container\">\n\t\t\t\t\t\t<legend class=\"simpay-address-billing-container-label simpay-label-wrap\">\n\t\t\t\tDirecci\u00f3n de facturaci\u00f3n\t\t\t<\/legend>\n\t\t\t\n\t\t\t\t\t\t<div\n\t\t\t\tclass=\"simpay-address-element\"\n\t\t\t\tdata-allowed-countries='[]'\n\t\t\t\tdata-default-line1=\"\"\n\t\t\t\tdata-default-line2=\"\"\n\t\t\t\tdata-default-city=\"\"\n\t\t\t\tdata-default-state=\"\"\n\t\t\t\tdata-default-postal-code=\"\"\n\t\t\t\tdata-default-country=\"\"\n\t\t\t><\/div>\n\t\t\t\t<\/fieldset>\n\n\t\t\n\t\t<div class=\"simpay-address-error simpay-errors\" aria-live=\"assertive\" aria-relevant=\"additions text\" aria-atomic=\"true\"><\/div>\n\n\t\t\n\t\t<fieldset\n\t\t\tclass=\"simpay-form-control simpay-plan-select-container\"\n\t\t\tdata-display-type=\"radio\"\n\t\t\tstyle=\"display: none\"\n\t\t>\n\t\t\t<div class=\"simpay-plan_select-label simpay-label-wrap\">\n\t\t\t\t<legend class=\"screen-reader-text\">\n\t\t\t\t\tplan_select\t\t\t\t<\/legend>\n\t\t\t<\/div>\n\n\t\t\t<div class=\"simpay-plan-wrapper simpay-field-wrap simpay-dropdown-wrap\">\n\t\t\t\t<ul class=\"simpay-multi-plan-radio-group\">\n\t\t\t\t\t\t\t\t\t<li class=\"simpay-price-selection-label\">\n\t\t\t\t\t\t\t\t\t\t\t\t\t<label for=\"price_1Pxa0BDc01hF7AnOY79qDGDJ-instance-199\">\n\t\t\t\t\t\t\t<input\n\t\t\t\t\t\t\t\ttype=\"radio\"\n\t\t\t\t\t\t\t\t\n\t\t\tid=\"price_1Pxa0BDc01hF7AnOY79qDGDJ-instance-199\"\n\t\t\tclass=\"simpay-multi-sub simpay-price-option-price_1Pxa0BDc01hF7AnOY79qDGDJ\"\n\t\t\tdata-price='{\"instance_id\":\"d3a76a22-3eec-4559-a8f7-bc52d012964b\",\"product_id\":\"prod_QpETddaIYqEL1s\",\"id\":\"price_1Pxa0BDc01hF7AnOY79qDGDJ\",\"default\":true,\"required\":false,\"label\":null,\"currency\":\"usd\",\"currency_symbol\":\"&#36;\",\"is_zero_decimal\":false,\"unit_amount\":4000,\"unit_amount_min\":null,\"unit_amount_max\":null,\"can_recur\":false,\"can_recur_selected_by_default\":false,\"recurring\":{\"interval\":\"year\",\"interval_count\":1},\"line_items\":null,\"quantity_toggle\":null,\"quantity_label\":null,\"quantity_minimum\":null,\"quantity_maximum\":null,\"recurring_amount_toggle_label\":null,\"__unstable_unsaved\":null,\"generated_label\":\"&#36;40.00 cada 1 a\\u00f1o\",\"simplified_label\":\"&#36;40.00\\\/a\\u00f1o\",\"currency_min_amount\":100}'\n\t\t\tname=\"simpay_price\"\n\t\t\t checked='checked'\n\t\t\t\n\t\t\t\n\t\t\tvalue=\"price_1Pxa0BDc01hF7AnOY79qDGDJ\"\n\t\t\tdata-plan-id=\"price_1Pxa0BDc01hF7AnOY79qDGDJ\"\n\t\t\tdata-plan-amount=\"40\"\n\t\t\t\n\t\t\tdata-plan-setup-fee=\"\"\n\t\t\tdata-plan-interval=\"year\"\n\t\t\tdata-plan-interval-count=\"1\"\n\t\t\tdata-plan-max-charges=\"0\"\n\t\t\tdata-plan-trial=\"\"\n\t\t\t\n\t\t\t\t\t\t\t\t\t\t\/>\n\t\t\t\t\t\t\t&#036;40.00 cada 1 a\u00f1o\t\t\t\t\t\t<\/label>\n\t\t\t\t\t\t\t\t\t\t\t<\/li>\n\t\t\t\t\t\t\t\t<\/ul>\n\t\t\t<\/div>\n\t\t<\/fieldset>\n\n\t\t<div class=\"simpay-form-control simpay-amounts-container\">\n\t\t<div class=\"simpay-subtotal-amount-container\">\n\t\t\t<p class=\"simpay-subtotal-amount-label simpay-label-wrap\">\n\t\t\t\t<span>\n\t\t\t\t\tSubtotal\t\t\t\t<\/span>\n\t\t\t\t<span class=\"simpay-subtotal-amount-value\">\n\t\t\t\t\t&#36;40.00\t\t\t\t<\/span>\n\t\t\t<\/p>\n\t\t<\/div>\n\n\t\t\n\t\t<div\n\t\t\tclass=\"simpay-coupon-amount-container\"\n\t\t\tstyle=\"display: none;\"\n\t\t>\n\t\t\t<p class=\"simpay-coupon-amount-label simpay-label-wrap\">\n\t\t\t\t<span class=\"simpay-coupon-amount-name\"><\/span>\n\t\t\t\t<span class=\"simpay-coupon-amount-value\"><\/span>\n\t\t\t<\/p>\n\t\t<\/div>\n\n\t\t\n\t\t<div\n\t\t\tclass=\"simpay-fee-recovery-container\"\n\t\t\t\t\t\t\tstyle=\"display: none;\"\n\t\t\t\t\t>\n\t\t\t<p class=\"simpay-total-amount-fee-recovery-label simpay-fee-recovery-label simpay-label-wrap\">\n\t\t\t\t<span class=\"simpay-fee-recovery-amount-label\">\n\t\t\t\t\tProcessing fee\t\t\t\t<\/span>\n\t\t\t\t<span class=\"simpay-fee-recovery-amount-value\">\n\t\t\t\t\t&#036;0.00\t\t\t\t<\/span>\n\t\t\t<\/p>\n\t\t<\/div>\n\n\t\t\n\t\t<div class=\"simpay-total-amount-container\">\n\t\t\t<p class=\"simpay-total-amount-label simpay-label-wrap\">\n\t\t\t\tImporte total:\t\t\t\t<span class=\"simpay-total-amount-value\">\n\t\t\t\t\t&#36;40.00\t\t\t\t<\/span>\n\t\t\t<\/p>\n\t\t<\/div>\n\n\t\t\n\t\t<div\n\t\t\tclass=\"simpay-total-amount-recurring-container\"\n\t\t\t\t\t>\n\t\t\t<p class=\"simpay-total-amount-recurring-label simpay-label-wrap\">\n\t\t\t\tRecurring amount\n\t\t\t\t<span class=\"simpay-total-amount-recurring-value\">\n\t\t\t\t\t&#036;40.00 cada 1 a\u00f1o\t\t\t\t<\/span>\n\t\t\t<\/p>\n\t\t<\/div>\n\n\t\t<\/div>\n        <div class=\"simpay-form-control simpay-form-control--card simpay-card-container\"\n             data-payment-method-display-type=\"tabs\"\n             data-visible-accordion-items=\"5\"\n             data-default-collapsed=\"false\">\n                        \n\t\t<div\n\t\t\tid=\"simpay-upe-element-simpay-form-3396-field-4\"\n\t\t\tclass=\"simpay-upe-wrap simpay-field-wrap\"\n\t\t>\n\t\t<\/div>\n\n\t\t\t        <\/div>\n\n\n\t\t<div class=\"simpay-payment-method-error simpay-errors\" aria-live=\"assertive\" aria-relevant=\"additions text\" aria-atomic=\"true\"><\/div>\n\n\t\t\n\t\t<div\n\t\t\tclass=\"simpay-form-control simpay-checkout-btn-container\"\n\t\t>\n\t\t\t<button\n\t\t\t\tid=\"simpay-form-3396-field-5\"\n\t\t\t\tclass=\"simpay-btn simpay-checkout-btn\"\n\t\t\t\ttype=\"submit\"\n\t\t\t\tdisabled\n\t\t\t>\n\t\t\t\t<span>\n\t\t\t\t\tPlease wait&#8230;\t\t\t\t<\/span>\n\t\t\t<\/button>\n\t\t<\/div>\n\t\t<div class=\"simpay-generic-error simpay-errors\" id=\"simpay-form-3396-error\" aria-live=\"assertive\" aria-relevant=\"additions text\" aria-atomic=\"true\"><\/div><input type=\"hidden\" name=\"simpay_form_id\" value=\"3396\" \/><input type=\"hidden\" name=\"simpay_amount\" value=\"\" class=\"simpay-amount\" \/><input type=\"hidden\" name=\"simpay_multi_plan_id\" value=\"\" class=\"simpay-multi-plan-id\" \/><input type=\"hidden\" name=\"simpay_multi_plan_setup_fee\" value=\"\" class=\"simpay-multi-plan-setup-fee\" \/><input type=\"hidden\" name=\"simpay_max_charges\" value=\"\" class=\"simpay-max-charges\" \/><input type=\"hidden\" name=\"simpay_has_custom_plan\" class=\"simpay-has-custom-plan\" value=\"true\" \/><input type=\"hidden\" name=\"simpay_tax_amount\" value=\"\" class=\"simpay-tax-amount\" \/><input type=\"hidden\" id=\"_wpnonce\" name=\"_wpnonce\" value=\"0b5669b9fb\" \/><input type=\"hidden\" name=\"_wp_http_referer\" value=\"\/socio-familiar\/\" \/><input type=\"hidden\" name=\"trp-form-language\" value=\"en\"\/><\/form><\/div><\/p><\/div>\n\t\t\t\t\t\t\t<\/div>\n\t\t<\/div>\n\t\t\t\t\t\t<\/div>\n\t\t\t\t<\/div>\n\t\t\t\t<\/div>\n\t\t\t\t\t<\/div>\n\t\t\t\t<\/div>\n\t\t<div class=\"elementor-element elementor-element-2fb4c14 e-flex e-con-boxed e-con e-parent\" data-id=\"2fb4c14\" data-element_type=\"container\" data-e-type=\"container\">\n\t\t\t\t\t<div class=\"e-con-inner\">\n\t\t\t\t\t<\/div>\n\t\t\t\t<\/div>\n\t\t\t\t<\/div>","protected":false},"excerpt":{"rendered":"<p>Stripe Stripe Registro socio familiar Nombre Tel\u00e9fono Direcci\u00f3n de facturaci\u00f3n plan_select &#036;40.00 cada 1 a\u00f1o Subtotal &#36;40.00 Processing fee &#036;0.00 Importe total: &#36;40.00 Recurring amount &#036;40.00 cada 1 a\u00f1o Please [&hellip;]<\/p>\n","protected":false},"author":1,"featured_media":0,"parent":0,"menu_order":0,"comment_status":"closed","ping_status":"closed","template":"","meta":{"_price":"","_stock":"","_tribe_ticket_header":"","_tribe_default_ticket_provider":"","_tribe_ticket_capacity":"0","_ticket_start_date":"","_ticket_end_date":"","_tribe_ticket_show_description":"","_tribe_ticket_show_not_going":false,"_tribe_ticket_use_global_stock":"","_tribe_ticket_global_stock_level":"","_global_stock_mode":"","_global_stock_cap":"","_tribe_rsvp_for_event":"","_tribe_ticket_going_count":"","_tribe_ticket_not_going_count":"","_tribe_tickets_list":"[]","_tribe_ticket_has_attendee_info_fields":false,"footnotes":""},"class_list":["post-3015","page","type-page","status-publish","hentry"],"jetpack_sharing_enabled":true,"_links":{"self":[{"href":"https:\/\/casadeespanadfw.org\/en\/wp-json\/wp\/v2\/pages\/3015","targetHints":{"allow":["GET"]}}],"collection":[{"href":"https:\/\/casadeespanadfw.org\/en\/wp-json\/wp\/v2\/pages"}],"about":[{"href":"https:\/\/casadeespanadfw.org\/en\/wp-json\/wp\/v2\/types\/page"}],"author":[{"embeddable":true,"href":"https:\/\/casadeespanadfw.org\/en\/wp-json\/wp\/v2\/users\/1"}],"replies":[{"embeddable":true,"href":"https:\/\/casadeespanadfw.org\/en\/wp-json\/wp\/v2\/comments?post=3015"}],"version-history":[{"count":36,"href":"https:\/\/casadeespanadfw.org\/en\/wp-json\/wp\/v2\/pages\/3015\/revisions"}],"predecessor-version":[{"id":4531,"href":"https:\/\/casadeespanadfw.org\/en\/wp-json\/wp\/v2\/pages\/3015\/revisions\/4531"}],"wp:attachment":[{"href":"https:\/\/casadeespanadfw.org\/en\/wp-json\/wp\/v2\/media?parent=3015"}],"curies":[{"name":"wp","href":"https:\/\/api.w.org\/{rel}","templated":true}]}}